{"id":405,"date":"2019-11-18T22:10:02","date_gmt":"2019-11-18T21:10:02","guid":{"rendered":"http:\/\/www.hotelverso.ba\/destinacija\/"},"modified":"2019-12-19T23:30:30","modified_gmt":"2019-12-19T22:30:30","slug":"destinacija","status":"publish","type":"page","link":"https:\/\/www.hotelverso.ba\/it\/destinacija\/","title":{"rendered":"Destinazione"},"content":{"rendered":"\n<p>Il viale, come la casa di cottage di Mostar, \u00e8 il luogo perfetto per il Verso Hotel per coloro che vogliono esplorare il centro storico della citt\u00e0, immergersi nella vita della gente del posto sulle strade principali, godersi bar, fare shopping o rilassarsi nel parco che ospita la famosa statua di Bruce Lee. Soggiornare a Mostar offre l&#8217;occasione ideale per visitare molte destinazioni famose come Po\u010ditelj, Blagaj, Kravica Falls o Medjugorje. La vicinanza della bellissima costa adriatica e le perle di montagna offrono un&#8217;opportunit\u00e0 ideale per godersi a Dubrovnik, a solo 1,5 ore di auto o altre numerose attivit\u00e0 come la linea zip pi\u00f9 lunga della Bosnia-Erzegovina, trekking, equitazione, ciclismo, rafting e molte altre attivit\u00e0 che sono ricche di natura in Erzegovina e dintorni. offerte. La stazione centrale dista meno di 5 minuti in auto, mentre l&#8217;aeroporto di Mostar si trova a 10 minuti in auto, rendendola la scelta perfetta per tutti coloro che hanno scelto i mezzi pubblici come scelta di viaggio.<\/p>\n","protected":false},"excerpt":{"rendered":"<p>Il viale, come la casa di cottage di Mostar, \u00e8 il luogo perfetto per il Verso Hotel per coloro che vogliono esplorare il centro storico <a class=\"read-more\" href=\"https:\/\/www.hotelverso.ba\/it\/destinacija\/\"><br \/>Lire plus&#8230;<\/a><\/p>\n","protected":false},"author":1,"featured_media":0,"parent":0,"menu_order":0,"comment_status":"closed","ping_status":"closed","template":"","meta":{"_acf_changed":false,"footnotes":""},"class_list":["post-405","page","type-page","status-publish","hentry"],"acf":[],"_links":{"self":[{"href":"https:\/\/www.hotelverso.ba\/it\/wp-json\/wp\/v2\/pages\/405","targetHints":{"allow":["GET"]}}],"collection":[{"href":"https:\/\/www.hotelverso.ba\/it\/wp-json\/wp\/v2\/pages"}],"about":[{"href":"https:\/\/www.hotelverso.ba\/it\/wp-json\/wp\/v2\/types\/page"}],"author":[{"embeddable":true,"href":"https:\/\/www.hotelverso.ba\/it\/wp-json\/wp\/v2\/users\/1"}],"replies":[{"embeddable":true,"href":"https:\/\/www.hotelverso.ba\/it\/wp-json\/wp\/v2\/comments?post=405"}],"version-history":[{"count":3,"href":"https:\/\/www.hotelverso.ba\/it\/wp-json\/wp\/v2\/pages\/405\/revisions"}],"predecessor-version":[{"id":408,"href":"https:\/\/www.hotelverso.ba\/it\/wp-json\/wp\/v2\/pages\/405\/revisions\/408"}],"wp:attachment":[{"href":"https:\/\/www.hotelverso.ba\/it\/wp-json\/wp\/v2\/media?parent=405"}],"curies":[{"name":"wp","href":"https:\/\/api.w.org\/{rel}","templated":true}]}}