{"id":354,"date":"2019-11-18T22:10:02","date_gmt":"2019-11-18T21:10:02","guid":{"rendered":"http:\/\/www.hotelverso.ba\/destinacija\/"},"modified":"2019-12-19T22:41:28","modified_gmt":"2019-12-19T21:41:28","slug":"destinacija","status":"publish","type":"page","link":"https:\/\/www.hotelverso.ba\/de\/destinacija\/","title":{"rendered":"Bestimmungsort"},"content":{"rendered":"\n<p>Der Boulevard, als Cottage-Haus von Mostar, ist der perfekte Ort f\u00fcr das Verso Hotel, um die Altstadt zu erkunden, das Leben der Einheimischen in den Hauptstra\u00dfen zu genie\u00dfen, Bars zu besuchen, einzukaufen oder sich in dem Park zu entspannen, in dem sich die ber\u00fchmte Bruce Lee-Statue befindet. Der Aufenthalt in Mostar ist eine ideale Gelegenheit, um viele bekannte Ziele wie Po\u010ditelj, Blagaj, Kravica Falls oder Medjugorje zu besuchen. Die N\u00e4he der sch\u00f6nen Adriak\u00fcste sowie die Bergperlen bieten eine ideale Gelegenheit, um in Dubrovnik nur 1,5 Autostunden oder andere zahlreiche Aktivit\u00e4ten wie die l\u00e4ngste Zip-Line in Bosnien und Herzegowina, Wandern, Reiten, Radfahren, Rafting und viele andere Aktivit\u00e4ten, die reich an Natur in Herzegowina und Umgebung sind, zu genie\u00dfen. Angebote. Der Hauptbahnhof ist weniger als 5 Autominuten entfernt und der Flughafen Mostar ist eine 10-min\u00fctige Autofahrt entfernt. Dies macht ihn zur perfekten Wahl f\u00fcr alle, die sich f\u00fcr \u00f6ffentliche Verkehrsmittel entschieden haben.<\/p>\n","protected":false},"excerpt":{"rendered":"<p>Der Boulevard, als Cottage-Haus von Mostar, ist der perfekte Ort f\u00fcr das Verso Hotel, um die Altstadt zu erkunden, das Leben der Einheimischen in den <a class=\"read-more\" href=\"https:\/\/www.hotelverso.ba\/de\/destinacija\/\"><br \/>Lire plus&#8230;<\/a><\/p>\n","protected":false},"author":1,"featured_media":0,"parent":0,"menu_order":0,"comment_status":"closed","ping_status":"closed","template":"","meta":{"_acf_changed":false,"footnotes":""},"class_list":["post-354","page","type-page","status-publish","hentry"],"acf":[],"_links":{"self":[{"href":"https:\/\/www.hotelverso.ba\/de\/wp-json\/wp\/v2\/pages\/354","targetHints":{"allow":["GET"]}}],"collection":[{"href":"https:\/\/www.hotelverso.ba\/de\/wp-json\/wp\/v2\/pages"}],"about":[{"href":"https:\/\/www.hotelverso.ba\/de\/wp-json\/wp\/v2\/types\/page"}],"author":[{"embeddable":true,"href":"https:\/\/www.hotelverso.ba\/de\/wp-json\/wp\/v2\/users\/1"}],"replies":[{"embeddable":true,"href":"https:\/\/www.hotelverso.ba\/de\/wp-json\/wp\/v2\/comments?post=354"}],"version-history":[{"count":3,"href":"https:\/\/www.hotelverso.ba\/de\/wp-json\/wp\/v2\/pages\/354\/revisions"}],"predecessor-version":[{"id":357,"href":"https:\/\/www.hotelverso.ba\/de\/wp-json\/wp\/v2\/pages\/354\/revisions\/357"}],"wp:attachment":[{"href":"https:\/\/www.hotelverso.ba\/de\/wp-json\/wp\/v2\/media?parent=354"}],"curies":[{"name":"wp","href":"https:\/\/api.w.org\/{rel}","templated":true}]}}